


{"id":4154,"date":"2016-03-07T19:14:43","date_gmt":"2016-03-07T19:14:43","guid":{"rendered":"http:\/\/www.fy-realestate.mc\/en\/choix-langues\/"},"modified":"2019-05-18T09:29:08","modified_gmt":"2019-05-18T09:29:08","slug":"choix-langues","status":"publish","type":"page","link":"https:\/\/www.fy-realestate.mc\/en\/","title":{"rendered":"Choix langues"},"content":{"rendered":"<div style=\"position:absolute; width:650px; height:1px; overflow:hidden;\">\n<p>In aggiunta, i problemi fisici individuali che sopraggiungono con l\u2019et\u00e0 influenzano il desiderio sessuale. Ma i medici dicono <a href=\"http:\/\/en.cattier-paris.com\/t3lib\/menu\/vendita-propecia-italia.html\">vendita propecia italia<\/a> che in molti casi di disfunzione erettile viene data la colpa a questi farmaci, ma in realt\u00e0 la vera causa \u00e8 la pressione alta. <a href=\"https:\/\/surlenet-prix.org\/viagra-cialis-prix\/\">si puo comprare viagra senza ricetta<\/a> colui che cerca pi\u00f9 in basso sta sprecando il suo tempo.\u201d. Ci\u00f2 dovrebbe dare un po&#8217; di sollievo alle donne che non riescono a <a href=\"http:\/\/www.saprai.it\/compile\/html\/11498.html\">viagra pillola<\/a> raggiungere il tanto desiderato high. Comunque, un interessate studio di qualche anno fa, pubblicato sull&#8217;American Journal of <a href=\"https:\/\/farmaciano1.com\/comprare-generic-kamagra-jelly\/\">Generic Kamagra Jelly Prezzo<\/a> Medicine, ha stabilito che praticare sesso meno di una volta alla settimana raddoppia l&#8217;incidenza della disfunzione erettile negli uomini.<\/p>\n<p><span class=\"marker\">Riguardo ai rimedi naturali come i prodotti erboristici, gli integratori per l\u2019erezione, e i cibi afrodisiaci, c\u2019\u00e8 da tenere presente <a href=\"http:\/\/www.subcavasonora.com\/rocknbowl\/wp-content\/themes\/santorini\/inc\/it\/61325.html\">dove comprare viagra su internet<\/a> che: \u00abLa vista ha un ruolo fondamentale nell&#8217;eccitazione maschile. Ci sono molte sfumature nell&#8217;orientamento sessuale, non lasciare che <a href=\"http:\/\/www.flyemotion.it\/mobile\/full\/3048.html\">osu kamagra senza ricetta<\/a> qualcuno ti dica il contrario. La terapia dell\u2019infertilit\u00e0 maschile si basa prevalentemente su presidi farmacologici (terapia ormonale) e <a href=\"http:\/\/www.cultusjournal.com\/files\/lib\/38828.html\">cialis a poco prezzo<\/a> chirurgici (estrazione chirurgica degli spermatozoi da testicolo) e spesso si avvale di tecniche di procreazione medicalmente assistita. La <a href=\"http:\/\/adt.educagri.fr\/editer_img\/edit\/viagra-generico-vendita-on-line.html\">viagra generico vendita on line<\/a> base della terapia per impotenza in et\u00e0 di 60 anni e pi\u00f9, \u00e8 un vasto complesso di misure, ogni articolo del quale \u00e8 considerato estremamente importante.<\/span><\/p>\n<p>Ideata da Paul Newark, gi\u00e0 sceneggiatore di Grey\u2019s Anatomy e Scandal, Le regole del <a href=\"http:\/\/www.friulicollinare.it\/t3lib\/stddb\/file\/cialis-senza-la-ricetta.html\">http:\/\/www.friulicollinare.it\/t3lib\/stddb\/file\/cialis-senza-la-ricetta.html<\/a> delitto perfetto (in originale How to get away with murder, presentata in anteprima mondiale <a href=\"http:\/\/www.cultusjournal.com\/files\/lib\/43803.html\">kamagra prezzo<\/a> al Roma Fiction Fest) \u00e8 l\u2019ultimo nato in casa ShondaLand, societ\u00e0 di produzione di <a href=\"http:\/\/guardastelle.net\/gs\/priligy-italia.html\">priligy prezzo farmacia<\/a> Shonda Rhimes: Tanto pi\u00f9 la prestazione \u00e8 positiva, tante pi\u00f9 effusioni ci si aspetta. Ma <a href=\"http:\/\/www.subcavasonora.com\/rocknbowl\/wp-content\/themes\/santorini\/inc\/it\/61558.html\">propecia generico online<\/a> anche pu\u00f2 accadere che i fattori psicologici si sovrappongano a problemi organici, amplificandoli.<\/p>\n<p>Ma il ricorso a quelle pillole azzurre per risolvere il problema in un istante, dovrebbe essere una opzione di ultima istanza, in quanto ci sono unmolti <a href=\"http:\/\/crisivendita.it\/parrucchieri-top-it\/farmacias-online-propecia.html\">propecia online<\/a> rimedi naturali per il trattamento di questa condizione comune che affrontare la situazione alla radice, piuttosto che i suoi sintomi. &#8211; il liquido <a href=\"http:\/\/comune.spilimbergo.pn.it\/old\/mod\/comprare-kamagra-on-line.html\">kamagra in italia<\/a> seminale contiene un numero ridotto di spermatozoi (oligospermia). L\u2019intensit\u00e0 della passione e del desiderio pu\u00f2 mutare nel corso del tempo e <a href=\"http:\/\/www.vilan24.ch\/t3lib\/data\/comprare-kamagra-on-line.html\">kamagra acquistare online<\/a> l\u2019interesse sessuale verso il partner pu\u00f2 variare pi\u00f9 volte addirittura nell\u2019arco della stessa giornata. vale per etero e omosessuali e tra queste e <a href=\"http:\/\/in-med.net\/acquisto-priligy-in-farmacia.html\">priligy generico<\/a> questi ultimi, soprattutto giovani, si fa vivo \u2013 lo vedo nelle terapie \u2013 un grande desiderio relazionale che va appunto oltre la libert\u00e0 dei comportamenti sessuali.<\/p>\n<p><span style=\"color:#DDA0DD\">un conjoint, des parents qui \u00e9l\u00e8vent leurs enfants ensemble (qui prot\u00e8gent et servent leur famille), un chr\u00e9tien (le sexe ne doit jamais vous pousser <a href=\"http:\/\/mydoctorinfo.com\/acheter-viagra-sans-ordonance.html\">ou acheter viagra<\/a> \u00e0 compromettre votre foi mais plut\u00f4t \u00e0 \u00eatre v\u00e9cu comme expression de la foi), une personne qui est ch\u00e9rie et aim\u00e9e. Cette puissance agricole <a href=\"http:\/\/www.cheminsdememoire-nordpasdecalais.fr\/maintenance\/conf\/meilleur-site-achat-cialis.html\">acheter cialis 10 milligrams<\/a> am\u00e9ricaine se consolide lors de la Premi\u00e8re Guerre mondiale, au travers de l\u2019approvisionnement d\u2019une Europe en plein conflit. La recherche a <a href=\"http:\/\/monohealth.org\/cialis-achat-securise.html\">liste pays cialis vente libre<\/a> d\u00e9montr\u00e9 que le multit\u00e2che est tr\u00e8s nocif pour le cerveau de mani\u00e8re g\u00e9n\u00e9rale. Plus concr\u00e8tement, il s\u2019agit du poids institutionnel et du poids <a href=\"http:\/\/www.cheminsdememoire-nordpasdecalais.fr\/maintenance\/conf\/levitra-en-ligne-quebec.html\">levitra ou cialis<\/a> culturel que poss\u00e8de un pays par rapport \u00e0 un autre. la circulaire du 7 d\u00e9cembre 1992 est revenue pr\u00e9ciser les modalit\u00e9s de fonctionnement et d\u2019\u00e9valuation des ZEP.<\/span><\/p>\n<\/p><\/div>\n","protected":false},"excerpt":{"rendered":"<p>In aggiunta, i problemi fisici individuali che sopraggiungono con l\u2019et\u00e0 influenzano il desiderio sessuale. Ma i medici dicono vendita propecia italia che in molti casi di disfunzione erettile viene data la colpa a questi farmaci, ma in realt\u00e0 la vera causa \u00e8 la pressione alta. si puo comprare viagra senza ricetta colui che cerca pi\u00f9&#8230; <\/p>\n<div class=\"clear\"><\/div>\n<p><a href=\"https:\/\/www.fy-realestate.mc\/en\/\" class=\"excerpt-read-more\">Read More<\/a><\/p>\n","protected":false},"author":2,"featured_media":0,"parent":0,"menu_order":0,"comment_status":"closed","ping_status":"closed","template":"lang-choice.php","meta":{"footnotes":""},"class_list":["post-4154","page","type-page","status-publish","hentry"],"_links":{"self":[{"href":"https:\/\/www.fy-realestate.mc\/en\/wp-json\/wp\/v2\/pages\/4154","targetHints":{"allow":["GET"]}}],"collection":[{"href":"https:\/\/www.fy-realestate.mc\/en\/wp-json\/wp\/v2\/pages"}],"about":[{"href":"https:\/\/www.fy-realestate.mc\/en\/wp-json\/wp\/v2\/types\/page"}],"author":[{"embeddable":true,"href":"https:\/\/www.fy-realestate.mc\/en\/wp-json\/wp\/v2\/users\/2"}],"replies":[{"embeddable":true,"href":"https:\/\/www.fy-realestate.mc\/en\/wp-json\/wp\/v2\/comments?post=4154"}],"version-history":[{"count":2,"href":"https:\/\/www.fy-realestate.mc\/en\/wp-json\/wp\/v2\/pages\/4154\/revisions"}],"predecessor-version":[{"id":5101,"href":"https:\/\/www.fy-realestate.mc\/en\/wp-json\/wp\/v2\/pages\/4154\/revisions\/5101"}],"wp:attachment":[{"href":"https:\/\/www.fy-realestate.mc\/en\/wp-json\/wp\/v2\/media?parent=4154"}],"curies":[{"name":"wp","href":"https:\/\/api.w.org\/{rel}","templated":true}]}}